{"id":1070,"date":"2025-08-05T14:01:12","date_gmt":"2025-08-05T12:01:12","guid":{"rendered":"https:\/\/avila.events\/?page_id=1070"},"modified":"2025-08-05T14:15:53","modified_gmt":"2025-08-05T12:15:53","slug":"impressum","status":"publish","type":"page","link":"https:\/\/avila.events\/de_de\/impressum\/","title":{"rendered":"IMPRESSUM"},"content":{"rendered":"\t\t<div data-elementor-type=\"wp-page\" data-elementor-id=\"1070\" class=\"elementor elementor-1070\">\n\t\t\t\t\t\t<section class=\"elementor-section elementor-top-section elementor-element elementor-element-b297e3e elementor-section-boxed elementor-section-height-default elementor-section-height-default\" data-id=\"b297e3e\" data-element_type=\"section\" data-e-type=\"section\">\n\t\t\t\t\t\t<div class=\"elementor-container elementor-column-gap-default\">\n\t\t\t\t\t<div class=\"elementor-column elementor-col-100 elementor-top-column elementor-element elementor-element-65c13b0\" data-id=\"65c13b0\" data-element_type=\"column\" data-e-type=\"column\">\n\t\t\t<div class=\"elementor-widget-wrap elementor-element-populated\">\n\t\t\t\t\t\t<div class=\"elementor-element elementor-element-11aa4c3 elementor-widget elementor-widget-html\" data-id=\"11aa4c3\" data-element_type=\"widget\" data-e-type=\"widget\" data-widget_type=\"html.default\">\n\t\t\t\t<div class=\"elementor-widget-container\">\n\t\t\t\t\t<!-- Schrift einbinden -->\r\n<link href=\"https:\/\/fonts.googleapis.com\/css2?family=Encode+Sans+Condensed:wght@400;600&display=swap\" rel=\"stylesheet\">\r\n\r\n<style>\r\n  .elo-impressum {\r\n    font-family: 'Encode Sans Condensed', sans-serif;\r\n    color: #0e1a54;\r\n    max-width: 800px;\r\n    margin: 40px auto;\r\n    padding: 20px;\r\n    line-height: 1.6;\r\n    font-size: 16px;\r\n  }\r\n\r\n  .elo-impressum h2 {\r\n    text-transform: uppercase;\r\n    font-size: 20px;\r\n    margin-bottom: 20px;\r\n    color: #0e1a54;\r\n  }\r\n\r\n  .elo-impressum strong {\r\n    display: inline-block;\r\n    margin-top: 15px;\r\n    font-size: 15px;\r\n  }\r\n\r\n  .elo-impressum a {\r\n    color: #0e1a54;\r\n    text-decoration: underline;\r\n  }\r\n<\/style>\r\n\r\n<div class=\"elo-impressum\">\r\n  <h2>Impressum<\/h2>\r\n\r\n  <strong>Angaben gem\u00e4\u00df \u00a7 5 TMG:<\/strong><br>\r\n  Alyssa von Hugo<br>\r\n  ELO VINHO<br>\r\n  Hinter der Grieb 11<br>\r\n  93047 Regensburg<br>\r\n  Deutschland\r\n\r\n  <br><br>\r\n  <strong>Kontakt:<\/strong><br>\r\n  Telefon: +49 176 20570102<br>\r\n  E-Mail: info@elovinho.de\r\n\r\n  <br><br>\r\n  <strong>Umsatzsteuer-ID:<\/strong><br>\r\n  DE321744966<br>\r\n\r\n  <br>\r\n  <strong>Verantwortlich f\u00fcr den Inhalt nach \u00a7 18 Abs. 2 MStV:<\/strong><br>\r\n  Alyssa von Hugo<br>\r\n  Adresse wie oben\r\n\r\n  <br><br>\r\n  <strong>Gestaltung der Website:<\/strong><br>\r\n  Maximilian Reif, Nathalie Jodl, Vivian Hauk\r\n\r\n  <br><br>\r\n  <strong>Haftung f\u00fcr Inhalte<\/strong><br>\r\n  Als Diensteanbieter sind wir gem\u00e4\u00df \u00a7 7 Abs. 1 TMG f\u00fcr eigene Inhalte auf diesen Seiten nach den allgemeinen Gesetzen verantwortlich. Nach \u00a7\u00a7 8 bis 10 TMG sind wir als Diensteanbieter jedoch nicht verpflichtet, \u00fcbermittelte oder gespeicherte fremde Informationen zu \u00fcberwachen oder nach Umst\u00e4nden zu forschen, die auf eine rechtswidrige T\u00e4tigkeit hinweisen. Verpflichtungen zur Entfernung oder Sperrung der Nutzung von Informationen nach den allgemeinen Gesetzen bleiben hiervon unber\u00fchrt. Eine diesbez\u00fcgliche Haftung ist jedoch erst ab dem Zeitpunkt der Kenntnis einer konkreten Rechtsverletzung m\u00f6glich. Bei Bekanntwerden entsprechender Rechtsverletzungen werden wir diese Inhalte umgehend entfernen.\r\n\r\n  <br><br>\r\n  <strong>Haftung f\u00fcr Links<\/strong><br>\r\n  Unser Angebot enth\u00e4lt Links zu externen Webseiten Dritter, auf deren Inhalte wir keinen Einfluss haben. Deshalb k\u00f6nnen wir f\u00fcr diese fremden Inhalte auch keine Gew\u00e4hr \u00fcbernehmen. F\u00fcr die Inhalte der verlinkten Seiten ist stets der jeweilige Anbieter oder Betreiber der Seiten verantwortlich.\r\n\r\n  <br><br>\r\n  <strong>Urheberrecht<\/strong><br>\r\n  Die durch die Seitenbetreiber erstellten Inhalte und Werke auf diesen Seiten unterliegen dem deutschen Urheberrecht. Die Vervielf\u00e4ltigung, Bearbeitung, Verbreitung und jede Art der Verwertung au\u00dferhalb der Grenzen des Urheberrechtes bed\u00fcrfen der schriftlichen Zustimmung des jeweiligen Autors bzw. Erstellers.\r\n\r\n  <br><br>\r\n  <strong>Streitschlichtung<\/strong><br>\r\n  Die Europ\u00e4ische Kommission stellt eine Plattform zur Online-Streitbeilegung (OS) bereit:  \r\n  <a href=\"https:\/\/ec.europa.eu\/consumers\/odr\" target=\"_blank\">https:\/\/ec.europa.eu\/consumers\/odr<\/a>  \r\n  Unsere E-Mail-Adresse finden Sie oben im Impressum.<br><br>\r\n  Wir sind nicht bereit oder verpflichtet, an Streitbeilegungsverfahren vor einer Verbraucherschlichtungsstelle teilzunehmen.\r\n<\/div>\r\n\t\t\t\t<\/div>\n\t\t\t\t<\/div>\n\t\t\t\t\t<\/div>\n\t\t<\/div>\n\t\t\t\t\t<\/div>\n\t\t<\/section>\n\t\t\t\t<\/div>\n\t\t","protected":false},"excerpt":{"rendered":"<p>Impressum Angaben gem\u00e4\u00df \u00a7 5 TMG: Alyssa von Hugo ELO VINHO Hinter der Grieb 11 93047 Regensburg Deutschland Kontakt: Telefon: +49 176 20570102 E-Mail: info@elovinho.de Umsatzsteuer-ID:<span class=\"excerpt-hellip\"> [\u2026]<\/span><\/p>\n","protected":false},"author":1,"featured_media":0,"parent":0,"menu_order":0,"comment_status":"closed","ping_status":"closed","template":"","meta":{"_monsterinsights_skip_tracking":false,"_monsterinsights_sitenote_active":false,"_monsterinsights_sitenote_note":"","_monsterinsights_sitenote_category":0,"footnotes":""},"class_list":["post-1070","page","type-page","status-publish","hentry"],"aioseo_notices":[],"_links":{"self":[{"href":"https:\/\/avila.events\/de_de\/wp-json\/wp\/v2\/pages\/1070","targetHints":{"allow":["GET"]}}],"collection":[{"href":"https:\/\/avila.events\/de_de\/wp-json\/wp\/v2\/pages"}],"about":[{"href":"https:\/\/avila.events\/de_de\/wp-json\/wp\/v2\/types\/page"}],"author":[{"embeddable":true,"href":"https:\/\/avila.events\/de_de\/wp-json\/wp\/v2\/users\/1"}],"replies":[{"embeddable":true,"href":"https:\/\/avila.events\/de_de\/wp-json\/wp\/v2\/comments?post=1070"}],"version-history":[{"count":7,"href":"https:\/\/avila.events\/de_de\/wp-json\/wp\/v2\/pages\/1070\/revisions"}],"predecessor-version":[{"id":1077,"href":"https:\/\/avila.events\/de_de\/wp-json\/wp\/v2\/pages\/1070\/revisions\/1077"}],"wp:attachment":[{"href":"https:\/\/avila.events\/de_de\/wp-json\/wp\/v2\/media?parent=1070"}],"curies":[{"name":"wp","href":"https:\/\/api.w.org\/{rel}","templated":true}]}}