{"id":102,"date":"2020-07-12T14:40:00","date_gmt":"2020-07-12T12:40:00","guid":{"rendered":"https:\/\/avila.events\/?page_id=102"},"modified":"2023-01-30T10:57:14","modified_gmt":"2023-01-30T09:57:14","slug":"avila-events","status":"publish","type":"page","link":"https:\/\/avila.events\/en\/avila-events\/","title":{"rendered":"AVILA"},"content":{"rendered":"<div data-elementor-type=\"wp-page\" data-elementor-id=\"102\" class=\"elementor elementor-102\">\n\t\t\t\t\t\t<section class=\"elementor-section elementor-top-section elementor-element elementor-element-71c8e60 elementor-section-boxed elementor-section-height-default elementor-section-height-default\" data-id=\"71c8e60\" data-element_type=\"section\" data-e-type=\"section\">\n\t\t\t\t\t\t<div class=\"elementor-container elementor-column-gap-default\">\n\t\t\t\t\t<div class=\"elementor-column elementor-col-100 elementor-top-column elementor-element elementor-element-12cda3c\" data-id=\"12cda3c\" data-element_type=\"column\" data-e-type=\"column\">\n\t\t\t<div class=\"elementor-widget-wrap elementor-element-populated\">\n\t\t\t\t\t\t<div class=\"elementor-element elementor-element-7e0ce43 elementor-widget elementor-widget-text-editor\" data-id=\"7e0ce43\" data-element_type=\"widget\" data-e-type=\"widget\" data-widget_type=\"text-editor.default\">\n\t\t\t\t<div class=\"elementor-widget-container\">\n\t\t\t\t\t\t\t\t\t<p><strong>\u201eTu deinem Leib des \u00d6fteren etwas Gutes, damit deine Seele Lust hat, darin zu wohnen.\u201c<br \/>&#8211; Teresa von \u00c1vila<\/strong><\/p><p><img fetchpriority=\"high\" decoding=\"async\" class=\"alignright wp-image-151\" src=\"https:\/\/avila.events\/wp-content\/uploads\/2020\/07\/4-684x1024.jpg\" alt=\"ME\" width=\"420\" height=\"629\" srcset=\"https:\/\/avila.events\/wp-content\/uploads\/2020\/07\/4-684x1024.jpg 684w, https:\/\/avila.events\/wp-content\/uploads\/2020\/07\/4-200x300.jpg 200w, https:\/\/avila.events\/wp-content\/uploads\/2020\/07\/4-768x1150.jpg 768w, https:\/\/avila.events\/wp-content\/uploads\/2020\/07\/4-1025x1536.jpg 1025w, https:\/\/avila.events\/wp-content\/uploads\/2020\/07\/4-1367x2048.jpg 1367w, https:\/\/avila.events\/wp-content\/uploads\/2020\/07\/4-97x146.jpg 97w, https:\/\/avila.events\/wp-content\/uploads\/2020\/07\/4-33x50.jpg 33w, https:\/\/avila.events\/wp-content\/uploads\/2020\/07\/4-50x75.jpg 50w, https:\/\/avila.events\/wp-content\/uploads\/2020\/07\/4-scaled.jpg 1709w\" sizes=\"(max-width:767px) 420px, 420px\" \/><\/p><p>\u00a0<\/p><p>Definitiv eines meiner Lieblingszitate, welches mich schon seit ein paar Jahren als Lebensphilosophie begleitet. Diese Weisheit der spanischen Karmelitin sowie Mystikerin m\u00f6chte ich nicht nur f\u00fcr mich nutzen, sondern auch weitergeben.<\/p><p>Meine K\u00fcche bedeutet nicht nur aneinander gereihte Folgen von verschiedenen Gerichten, sondern Harmonie von Essen und Wein oder anderen Spirituosen. Aber vor allem die Symbiose meiner Ideen &amp; meinen Gef\u00fchlen.<\/p><p>Food Pairing begleitet mich bereits eine Weile auf meinem Weg und mein Fokus darauf festigt sich seither stetig.<br \/>Die kulinarische Seele zu verw\u00f6hnen ist mein pers\u00f6nliches Ziel, sei es in Dinner Events oder Weinverkostungen.<br \/>Mein Interesse darin verbindet gesundes, wohltuendes Essen. Seit gesunde Ern\u00e4hrung jedoch mit gr\u00fcner Rohkost assoziiert wird, wird oft vergessen, nicht nur die physische Gesundheit, sondern auch die Seele zu f\u00f6rdern &amp; zu verw\u00f6hnen.<\/p><p>Daher resultiert meine Faszination \u00fcber die Verbindung zwischen gesunden Produkten &amp; dem Aspekt des Gourmet Daseins in Naturprodukten. Die Klaviatur meiner kulinarischen Horizonte vereint dies.<\/p><p>Einen Abend mit feinen Gerichten.<\/p><p>Fantastisch harmonierende Weine.<\/p><p>Wunderbare Unterhaltung.<\/p><p>Portwein &amp; die perfekte Zigarre.<\/p><p>Harmonie.<\/p><p>Lassen Sie sich &amp; Ihre kulinarische Seele verw\u00f6hnen und tun Sie sich, wie Teresa von \u00c1vila es empfiehlt, etwas besonders Gutes!<\/p>\t\t\t\t\t\t\t\t<\/div>\n\t\t\t\t<\/div>\n\t\t\t\t\t<\/div>\n\t\t<\/div>\n\t\t\t\t\t<\/div>\n\t\t<\/section>\n\t\t\t\t<section class=\"elementor-section elementor-top-section elementor-element elementor-element-aff9b42 elementor-section-boxed elementor-section-height-default elementor-section-height-default\" data-id=\"aff9b42\" data-element_type=\"section\" data-e-type=\"section\">\n\t\t\t\t\t\t<div class=\"elementor-container elementor-column-gap-default\">\n\t\t\t\t\t<div class=\"elementor-column elementor-col-100 elementor-top-column elementor-element elementor-element-b91bf63\" data-id=\"b91bf63\" data-element_type=\"column\" data-e-type=\"column\">\n\t\t\t<div class=\"elementor-widget-wrap elementor-element-populated\">\n\t\t\t\t\t\t<div class=\"elementor-element elementor-element-c544540 elementor-align-right elementor-widget elementor-widget-button\" data-id=\"c544540\" data-element_type=\"widget\" data-e-type=\"widget\" data-widget_type=\"button.default\">\n\t\t\t\t<div class=\"elementor-widget-container\">\n\t\t\t\t\t\t\t\t\t<div class=\"elementor-button-wrapper\">\n\t\t\t\t\t<a class=\"elementor-button elementor-button-link elementor-size-xs\" href=\"https:\/\/avila.events\/en\/kontakt\/\">\n\t\t\t\t\t\t<span class=\"elementor-button-content-wrapper\">\n\t\t\t\t\t\t\t\t\t<span class=\"elementor-button-text\">Imprint<\/span>\n\t\t\t\t\t<\/span>\n\t\t\t\t\t<\/a>\n\t\t\t\t<\/div>\n\t\t\t\t\t\t\t\t<\/div>\n\t\t\t\t<\/div>\n\t\t\t\t\t<\/div>\n\t\t<\/div>\n\t\t\t\t\t<\/div>\n\t\t<\/section>\n\t\t\t\t<\/div>","protected":false},"excerpt":{"rendered":"<p>\u201eTu deinem Leib des \u00d6fteren etwas Gutes, damit deine Seele Lust hat, darin zu wohnen.\u201c&#8211; Teresa von \u00c1vila \u00a0 Definitiv eines meiner Lieblingszitate, welches mich schon<span class=\"excerpt-hellip\"> [\u2026]<\/span><\/p>","protected":false},"author":1,"featured_media":0,"parent":0,"menu_order":0,"comment_status":"closed","ping_status":"closed","template":"","meta":{"_monsterinsights_skip_tracking":false,"_monsterinsights_sitenote_active":false,"_monsterinsights_sitenote_note":"","_monsterinsights_sitenote_category":0,"footnotes":""},"class_list":["post-102","page","type-page","status-publish","hentry"],"aioseo_notices":[],"_links":{"self":[{"href":"https:\/\/avila.events\/en\/wp-json\/wp\/v2\/pages\/102","targetHints":{"allow":["GET"]}}],"collection":[{"href":"https:\/\/avila.events\/en\/wp-json\/wp\/v2\/pages"}],"about":[{"href":"https:\/\/avila.events\/en\/wp-json\/wp\/v2\/types\/page"}],"author":[{"embeddable":true,"href":"https:\/\/avila.events\/en\/wp-json\/wp\/v2\/users\/1"}],"replies":[{"embeddable":true,"href":"https:\/\/avila.events\/en\/wp-json\/wp\/v2\/comments?post=102"}],"version-history":[{"count":0,"href":"https:\/\/avila.events\/en\/wp-json\/wp\/v2\/pages\/102\/revisions"}],"wp:attachment":[{"href":"https:\/\/avila.events\/en\/wp-json\/wp\/v2\/media?parent=102"}],"curies":[{"name":"wp","href":"https:\/\/api.w.org\/{rel}","templated":true}]}}